{"id":713,"date":"2023-06-14T07:30:49","date_gmt":"2023-06-14T07:30:49","guid":{"rendered":"https:\/\/translationservices.lt\/cart\/"},"modified":"2023-06-28T11:49:45","modified_gmt":"2023-06-28T11:49:45","slug":"cart","status":"publish","type":"page","link":"https:\/\/translationservices.lt\/lv\/cart\/","title":{"rendered":"priek\u0161pakalpojumi"},"content":{"rendered":"\t\t<div data-elementor-type=\"wp-page\" data-elementor-id=\"713\" class=\"elementor elementor-713\" data-elementor-post-type=\"page\">\n\t\t\t\t\t\t<section class=\"elementor-section elementor-top-section elementor-element elementor-element-44f7d2b elementor-section-boxed elementor-section-height-default elementor-section-height-default\" data-id=\"44f7d2b\" data-element_type=\"section\" data-settings=\"{&quot;background_background&quot;:&quot;classic&quot;,&quot;sticky&quot;:&quot;top&quot;,&quot;sticky_on&quot;:[&quot;desktop&quot;,&quot;tablet&quot;,&quot;mobile&quot;],&quot;sticky_offset&quot;:0,&quot;sticky_effects_offset&quot;:0}\">\n\t\t\t\t\t\t<div class=\"elementor-container elementor-column-gap-default\">\n\t\t\t\t\t<div class=\"elementor-column elementor-col-33 elementor-top-column elementor-element elementor-element-4ffd7ef\" data-id=\"4ffd7ef\" data-element_type=\"column\">\n\t\t\t<div class=\"elementor-widget-wrap elementor-element-populated\">\n\t\t\t\t\t\t<div class=\"elementor-element elementor-element-65d47cd elementor-widget elementor-widget-image\" data-id=\"65d47cd\" data-element_type=\"widget\" data-widget_type=\"image.default\">\n\t\t\t\t<div class=\"elementor-widget-container\">\n\t\t\t\t\t\t\t\t\t\t\t\t\t\t\t\t<a href=\"https:\/\/translationservices.lt\">\n\t\t\t\t\t\t\t<img fetchpriority=\"high\" decoding=\"async\" width=\"1024\" height=\"362\" src=\"https:\/\/translationservices.lt\/wp-content\/uploads\/2023\/06\/3.png\" class=\"attachment-large size-large wp-image-57\" alt=\"\" \/>\t\t\t\t\t\t\t\t<\/a>\n\t\t\t\t\t\t\t\t\t\t\t\t\t\t\t<\/div>\n\t\t\t\t<\/div>\n\t\t\t\t\t<\/div>\n\t\t<\/div>\n\t\t\t\t<div class=\"elementor-column elementor-col-33 elementor-top-column elementor-element elementor-element-520a98f\" data-id=\"520a98f\" data-element_type=\"column\">\n\t\t\t<div class=\"elementor-widget-wrap elementor-element-populated\">\n\t\t\t\t\t\t<div class=\"elementor-element elementor-element-fedcc39 elementor-view-default elementor-widget elementor-widget-icon\" data-id=\"fedcc39\" data-element_type=\"widget\" data-widget_type=\"icon.default\">\n\t\t\t\t<div class=\"elementor-widget-container\">\n\t\t\t\t\t\t\t<div class=\"elementor-icon-wrapper\">\n\t\t\t<a class=\"elementor-icon elementor-animation-shrink\" href=\"https:\/\/translationservices.lt\/my-account\/\">\n\t\t\t<svg xmlns=\"http:\/\/www.w3.org\/2000\/svg\" class=\"svg-icon\" style=\"width: 1em; height: 1em;vertical-align: middle;fill: currentColor;overflow: hidden;\" viewBox=\"0 0 1024 1024\"><path d=\"M512.476 648.247c-170.169 0-308.118-136.411-308.118-304.681 0-168.271 137.949-304.681 308.118-304.681 170.169 0 308.119 136.411 308.119 304.681C820.594 511.837 682.645 648.247 512.476 648.247L512.476 648.247zM512.476 100.186c-135.713 0-246.12 109.178-246.12 243.381 0 134.202 110.407 243.381 246.12 243.381 135.719 0 246.126-109.179 246.126-243.381C758.602 209.364 648.195 100.186 512.476 100.186L512.476 100.186zM935.867 985.115l-26.164 0c-9.648 0-17.779-6.941-19.384-16.35-2.646-15.426-6.277-30.52-11.142-44.95-24.769-87.686-81.337-164.13-159.104-214.266-63.232 35.203-134.235 53.64-207.597 53.64-73.555 0-144.73-18.537-208.084-53.922-78 50.131-134.75 126.68-159.564 214.549 0 0-4.893 18.172-11.795 46.4-2.136 8.723-10.035 14.9-19.112 14.9L88.133 985.116c-9.415 0-16.693-8.214-15.47-17.452C91.698 824.084 181.099 702.474 305.51 637.615c58.682 40.472 129.996 64.267 206.966 64.267 76.799 0 147.968-23.684 206.584-63.991 124.123 64.932 213.281 186.403 232.277 329.772C952.56 976.901 945.287 985.115 935.867 985.115L935.867 985.115z\"><\/path><\/svg>\t\t\t<\/a>\n\t\t<\/div>\n\t\t\t\t\t\t<\/div>\n\t\t\t\t<\/div>\n\t\t\t\t\t<\/div>\n\t\t<\/div>\n\t\t\t\t<div class=\"elementor-column elementor-col-33 elementor-top-column elementor-element elementor-element-1f08ab6\" data-id=\"1f08ab6\" data-element_type=\"column\">\n\t\t\t<div class=\"elementor-widget-wrap elementor-element-populated\">\n\t\t\t\t\t\t<div class=\"elementor-element elementor-element-5fd0117 elementor-view-default elementor-widget elementor-widget-icon\" data-id=\"5fd0117\" data-element_type=\"widget\" data-widget_type=\"icon.default\">\n\t\t\t\t<div class=\"elementor-widget-container\">\n\t\t\t\t\t\t\t<div class=\"elementor-icon-wrapper\">\n\t\t\t<a class=\"elementor-icon elementor-animation-shrink\" href=\"#elementor-action%3Aaction%3Dpopup%3Aopen%26settings%3DeyJpZCI6Njg5LCJ0b2dnbGUiOmZhbHNlfQ%3D%3D\">\n\t\t\t<svg xmlns=\"http:\/\/www.w3.org\/2000\/svg\" xmlns:xlink=\"http:\/\/www.w3.org\/1999\/xlink\" id=\"&#x421;&#x43B;&#x43E;&#x439;_1\" x=\"0px\" y=\"0px\" viewBox=\"0 0 90 90\" style=\"enable-background:new 0 0 90 90;\" xml:space=\"preserve\"><style type=\"text\/css\">\t.st0{fill:#FFFFFF;}<\/style><g>\t<g transform=\"scale(8.53333,8.53333)\">\t\t<path class=\"st0\" d=\"M1.1,1.8c-0.1,0-0.2,0.1-0.3,0.2C0.7,2,0.7,2.2,0.7,2.3c0.1,0.1,0.2,0.2,0.3,0.2h8.4c0.1,0,0.2-0.1,0.3-0.2   c0.1-0.1,0.1-0.2,0-0.4C9.7,1.8,9.6,1.8,9.5,1.8L1.1,1.8z M1,4.2c-0.1,0-0.2,0.1-0.2,0.2c0,0.1,0,0.2,0,0.4c0,0.1,0.1,0.2,0.2,0.2   h6.5c0.1,0,0.2-0.1,0.2-0.2c0-0.1,0-0.2,0-0.4c0-0.1-0.1-0.2-0.2-0.2H1z\"><\/path>\t<\/g><\/g><\/svg>\t\t\t<\/a>\n\t\t<\/div>\n\t\t\t\t\t\t<\/div>\n\t\t\t\t<\/div>\n\t\t\t\t\t<\/div>\n\t\t<\/div>\n\t\t\t\t\t<\/div>\n\t\t<\/section>\n\t\t\t\t<section class=\"elementor-section elementor-top-section elementor-element elementor-element-b14144a elementor-section-boxed elementor-section-height-default elementor-section-height-default elementor-invisible\" data-id=\"b14144a\" data-element_type=\"section\" data-settings=\"{&quot;background_background&quot;:&quot;classic&quot;,&quot;animation&quot;:&quot;fadeIn&quot;}\">\n\t\t\t\t\t\t\t<div class=\"elementor-background-overlay\"><\/div>\n\t\t\t\t\t\t\t<div class=\"elementor-container elementor-column-gap-default\">\n\t\t\t\t\t<div class=\"elementor-column elementor-col-100 elementor-top-column elementor-element elementor-element-afba7f1\" data-id=\"afba7f1\" data-element_type=\"column\">\n\t\t\t<div class=\"elementor-widget-wrap elementor-element-populated\">\n\t\t\t\t\t\t<div class=\"elementor-element elementor-element-d5bc9d9 elementor-invisible elementor-widget elementor-widget-heading\" data-id=\"d5bc9d9\" data-element_type=\"widget\" data-settings=\"{&quot;_animation&quot;:&quot;fadeIn&quot;,&quot;_animation_delay&quot;:400}\" data-widget_type=\"heading.default\">\n\t\t\t\t<div class=\"elementor-widget-container\">\n\t\t\t\t\t<h5 class=\"elementor-heading-title elementor-size-medium\">priek\u0161pakalpojumi<\/h5>\t\t\t\t<\/div>\n\t\t\t\t<\/div>\n\t\t\t\t\t<\/div>\n\t\t<\/div>\n\t\t\t\t\t<\/div>\n\t\t<\/section>\n\t\t\t\t<section class=\"elementor-section elementor-top-section elementor-element elementor-element-6c960b08 elementor-section-boxed elementor-section-height-default elementor-section-height-default\" data-id=\"6c960b08\" data-element_type=\"section\" data-settings=\"{&quot;background_background&quot;:&quot;classic&quot;}\">\n\t\t\t\t\t\t\t<div class=\"elementor-background-overlay\"><\/div>\n\t\t\t\t\t\t\t<div class=\"elementor-container elementor-column-gap-default\">\n\t\t\t\t\t<div class=\"elementor-column elementor-col-100 elementor-top-column elementor-element elementor-element-62663d6e\" data-id=\"62663d6e\" data-element_type=\"column\">\n\t\t\t<div class=\"elementor-widget-wrap elementor-element-populated\">\n\t\t\t\t\t\t<div class=\"elementor-element elementor-element-3103e60c elementor-widget elementor-widget-text-editor\" data-id=\"3103e60c\" data-element_type=\"widget\" data-widget_type=\"text-editor.default\">\n\t\t\t\t<div class=\"elementor-widget-container\">\n\t\t\t\t\t\t\t\t\t<div class=\"woocommerce\"><div class=\"woocommerce-notices-wrapper\"><\/div>\n\t<div class=\"cart-empty woocommerce-info\">\n\t\tJ\u016aSU GROZS PA\u0160LAIK IR TUK\u0160S.\t<\/div>\n\t<p class=\"return-to-shop\">\n\t\t<a class=\"button wc-backward\" href=\"https:\/\/translationservices.lt\/shop\/\">\n\t\t\tATGRIEZTIES VEIKAL\u0100\t\t<\/a>\n\t<\/p>\n<\/div>\t\t\t\t\t\t\t\t<\/div>\n\t\t\t\t<\/div>\n\t\t\t\t\t<\/div>\n\t\t<\/div>\n\t\t\t\t\t<\/div>\n\t\t<\/section>\n\t\t\t\t<section class=\"elementor-section elementor-top-section elementor-element elementor-element-fd60c97 elementor-section-boxed elementor-section-height-default elementor-section-height-default\" data-id=\"fd60c97\" data-element_type=\"section\" data-settings=\"{&quot;background_background&quot;:&quot;classic&quot;}\">\n\t\t\t\t\t\t<div class=\"elementor-container elementor-column-gap-default\">\n\t\t\t\t\t<div class=\"elementor-column elementor-col-50 elementor-top-column elementor-element elementor-element-7ea905e\" data-id=\"7ea905e\" data-element_type=\"column\">\n\t\t\t<div class=\"elementor-widget-wrap elementor-element-populated\">\n\t\t\t\t\t\t<div class=\"elementor-element elementor-element-5f6d79b elementor-widget-tablet__width-initial elementor-widget-mobile__width-initial elementor-hidden-tablet elementor-hidden-mobile elementor-invisible elementor-widget elementor-widget-spacer\" data-id=\"5f6d79b\" data-element_type=\"widget\" data-settings=\"{&quot;_animation&quot;:&quot;fadeInDown&quot;}\" data-widget_type=\"spacer.default\">\n\t\t\t\t<div class=\"elementor-widget-container\">\n\t\t\t\t\t\t\t<div class=\"elementor-spacer\">\n\t\t\t<div class=\"elementor-spacer-inner\"><\/div>\n\t\t<\/div>\n\t\t\t\t\t\t<\/div>\n\t\t\t\t<\/div>\n\t\t\t\t<div class=\"elementor-element elementor-element-7a4efcb elementor-widget elementor-widget-image\" data-id=\"7a4efcb\" data-element_type=\"widget\" data-widget_type=\"image.default\">\n\t\t\t\t<div class=\"elementor-widget-container\">\n\t\t\t\t\t\t\t\t\t\t\t\t\t\t\t\t<a href=\"https:\/\/translationservices.lt\">\n\t\t\t\t\t\t\t<img fetchpriority=\"high\" decoding=\"async\" width=\"1024\" height=\"362\" src=\"https:\/\/translationservices.lt\/wp-content\/uploads\/2023\/06\/3.png\" class=\"attachment-large size-large wp-image-57\" alt=\"\" \/>\t\t\t\t\t\t\t\t<\/a>\n\t\t\t\t\t\t\t\t\t\t\t\t\t\t\t<\/div>\n\t\t\t\t<\/div>\n\t\t\t\t<div class=\"elementor-element elementor-element-c474d17 elementor-invisible elementor-widget elementor-widget-text-editor\" data-id=\"c474d17\" data-element_type=\"widget\" data-settings=\"{&quot;_animation&quot;:&quot;fadeIn&quot;}\" data-widget_type=\"text-editor.default\">\n\t\t\t\t<div class=\"elementor-widget-container\">\n\t\t\t\t\t\t\t\t\t<span style=\"color: #ffffff;\"><strong>Biroja adrese:<\/strong>\u00a0 Elijas iela 17-2, R\u012bga, LV-1050, Latvia<\/span>\n<span style=\"color: #ffffff;\"><strong><br>Darbalaiks:<\/strong>\u00a0P.\u2013Pt. 9.00\u201317.00<\/span>\n<span style=\"color: #ffffff;\"><strong><br>E-pasts:<\/strong>\u00a0<a style=\"color: #ffffff;\" href=\"mailto:info@translationservices.lt\">info@translationservices.lt<\/a><\/span>\n<span style=\"color: #ffffff;\"><strong><br>T\u0101lrunis:<\/strong>\u00a0<a style=\"color: #ffffff;\" href=\"tel:(+371) 278 798 40\">(+371) 278 798 40<\/a><\/span><br><strong>\nUz\u0146\u0113muma kods: <\/strong>40103224757\t\t\t\t\t\t\t\t<\/div>\n\t\t\t\t<\/div>\n\t\t\t\t<div class=\"elementor-element elementor-element-79f580d elementor-widget-divider--view-line elementor-widget elementor-widget-divider\" data-id=\"79f580d\" data-element_type=\"widget\" data-widget_type=\"divider.default\">\n\t\t\t\t<div class=\"elementor-widget-container\">\n\t\t\t\t\t\t\t<div class=\"elementor-divider\">\n\t\t\t<span class=\"elementor-divider-separator\">\n\t\t\t\t\t\t<\/span>\n\t\t<\/div>\n\t\t\t\t\t\t<\/div>\n\t\t\t\t<\/div>\n\t\t\t\t<div class=\"elementor-element elementor-element-b399834 elementor-hidden-tablet elementor-hidden-mobile elementor-invisible elementor-widget elementor-widget-text-editor\" data-id=\"b399834\" data-element_type=\"widget\" data-settings=\"{&quot;_animation&quot;:&quot;fadeIn&quot;}\" data-widget_type=\"text-editor.default\">\n\t\t\t\t<div class=\"elementor-widget-container\">\n\t\t\t\t\t\t\t\t\t<p>2010,Translation Services,SIA<\/p>\t\t\t\t\t\t\t\t<\/div>\n\t\t\t\t<\/div>\n\t\t\t\t\t<\/div>\n\t\t<\/div>\n\t\t\t\t<div class=\"elementor-column elementor-col-50 elementor-top-column elementor-element elementor-element-811a0a9\" data-id=\"811a0a9\" data-element_type=\"column\">\n\t\t\t<div class=\"elementor-widget-wrap elementor-element-populated\">\n\t\t\t\t\t\t<div class=\"elementor-element elementor-element-4c1116f elementor-invisible elementor-widget elementor-widget-text-editor\" data-id=\"4c1116f\" data-element_type=\"widget\" data-settings=\"{&quot;_animation&quot;:&quot;fadeIn&quot;}\" data-widget_type=\"text-editor.default\">\n\t\t\t\t<div class=\"elementor-widget-container\">\n\t\t\t\t\t\t\t\t\t<p>Aizpildiet anketu un sanemiet cenas apr\u0117kinu sava e-pasta tuvako 60 min\u016b\u0161u laika:<\/p>\t\t\t\t\t\t\t\t<\/div>\n\t\t\t\t<\/div>\n\t\t\t\t<div class=\"elementor-element elementor-element-5b02cd2 elementor-widget__width-initial elementor-button-align-stretch elementor-widget elementor-widget-form\" data-id=\"5b02cd2\" data-element_type=\"widget\" data-settings=\"{&quot;_animation&quot;:&quot;none&quot;,&quot;_animation_delay&quot;:800,&quot;step_next_label&quot;:&quot;Next&quot;,&quot;step_previous_label&quot;:&quot;Previous&quot;,&quot;button_width&quot;:&quot;100&quot;,&quot;step_type&quot;:&quot;number_text&quot;,&quot;step_icon_shape&quot;:&quot;circle&quot;}\" data-widget_type=\"form.default\">\n\t\t\t\t<div class=\"elementor-widget-container\">\n\t\t\t\t\t\t\t<form class=\"elementor-form\" method=\"post\" name=\"New Form\">\n\t\t\t<input type=\"hidden\" name=\"post_id\" value=\"713\"\/>\n\t\t\t<input type=\"hidden\" name=\"form_id\" value=\"5b02cd2\"\/>\n\t\t\t<input type=\"hidden\" name=\"referer_title\" value=\"\" \/>\n\n\t\t\t\n\t\t\t<div class=\"elementor-form-fields-wrapper elementor-labels-above\">\n\t\t\t\t\t\t\t\t<div class=\"elementor-field-type-text elementor-field-group elementor-column elementor-field-group-name elementor-col-50\">\n\t\t\t\t\t\t\t\t\t\t\t\t\t<input size=\"1\" type=\"text\" name=\"form_fields[name]\" id=\"form-field-name\" class=\"elementor-field elementor-size-md  elementor-field-textual\" placeholder=\"V\u0101rds, uzv\u0101rds \/ Uz\u0146\u0113muma nosaukums:\">\n\t\t\t\t\t\t\t\t\t\t\t<\/div>\n\t\t\t\t\t\t\t\t<div class=\"elementor-field-type-email elementor-field-group elementor-column elementor-field-group-email elementor-col-50 elementor-field-required\">\n\t\t\t\t\t\t\t\t\t\t\t\t\t<input size=\"1\" type=\"email\" name=\"form_fields[email]\" id=\"form-field-email\" class=\"elementor-field elementor-size-md  elementor-field-textual\" placeholder=\"E-pasts:*\" required=\"required\" aria-required=\"true\">\n\t\t\t\t\t\t\t\t\t\t\t<\/div>\n\t\t\t\t\t\t\t\t<div class=\"elementor-field-type-tel elementor-field-group elementor-column elementor-field-group-field_b7b7a48 elementor-col-50 elementor-field-required\">\n\t\t\t\t\t\t\t<input size=\"1\" type=\"tel\" name=\"form_fields[field_b7b7a48]\" id=\"form-field-field_b7b7a48\" class=\"elementor-field elementor-size-md  elementor-field-textual\" placeholder=\"T\u0101lrunis:*\" required=\"required\" aria-required=\"true\" pattern=\"[0-9()#&amp;+*-=.]+\" title=\"Only numbers and phone characters (#, -, *, etc) are accepted.\">\n\n\t\t\t\t\t\t<\/div>\n\t\t\t\t\t\t\t\t<div class=\"elementor-field-type-text elementor-field-group elementor-column elementor-field-group-field_fa1364f elementor-col-50 elementor-field-required\">\n\t\t\t\t\t\t\t\t\t\t\t\t\t<input size=\"1\" type=\"text\" name=\"form_fields[field_fa1364f]\" id=\"form-field-field_fa1364f\" class=\"elementor-field elementor-size-md  elementor-field-textual\" placeholder=\"No k\u0101das valodas j\u0101tulko?\" required=\"required\" aria-required=\"true\">\n\t\t\t\t\t\t\t\t\t\t\t<\/div>\n\t\t\t\t\t\t\t\t<div class=\"elementor-field-type-text elementor-field-group elementor-column elementor-field-group-field_a5ec31d elementor-col-50 elementor-field-required\">\n\t\t\t\t\t\t\t\t\t\t\t\t\t<input size=\"1\" type=\"text\" name=\"form_fields[field_a5ec31d]\" id=\"form-field-field_a5ec31d\" class=\"elementor-field elementor-size-md  elementor-field-textual\" placeholder=\"K\u0101d\u0101 valod\u0101 j\u0101tulko?\" required=\"required\" aria-required=\"true\">\n\t\t\t\t\t\t\t\t\t\t\t<\/div>\n\t\t\t\t\t\t\t\t<div class=\"elementor-field-type-upload elementor-field-group elementor-column elementor-field-group-field_b54d56c elementor-col-50 elementor-field-required\">\n\t\t\t\t\t\t\t<input type=\"file\" name=\"form_fields[field_b54d56c]\" id=\"form-field-field_b54d56c\" class=\"elementor-field elementor-size-md  elementor-upload-field\" required=\"required\" aria-required=\"true\">\n\n\t\t\t\t\t\t<\/div>\n\t\t\t\t\t\t\t\t<div class=\"elementor-field-type-textarea elementor-field-group elementor-column elementor-field-group-field_1 elementor-col-100\">\n\t\t\t\t\t<textarea class=\"elementor-field-textual elementor-field  elementor-size-md\" name=\"form_fields[field_1]\" id=\"form-field-field_1\" rows=\"4\" placeholder=\"Citi koment\u0101ri\"><\/textarea>\t\t\t\t<\/div>\n\t\t\t\t\t\t\t\t<div class=\"elementor-field-type-checkbox elementor-field-group elementor-column elementor-field-group-field_512faf0 elementor-col-100\">\n\t\t\t\t\t<div class=\"elementor-field-subgroup  \"><span class=\"elementor-field-option\"><input type=\"checkbox\" value=\"Piekr\u012btu personas datu apstr\u0101dei \u0161\u012b piepras\u012bjuma realiz\u0101cijai\" id=\"form-field-field_512faf0-0\" name=\"form_fields[field_512faf0]\"> <label for=\"form-field-field_512faf0-0\">Piekr\u012btu personas datu apstr\u0101dei \u0161\u012b piepras\u012bjuma realiz\u0101cijai<\/label><\/span><\/div>\t\t\t\t<\/div>\n\t\t\t\t\t\t\t\t<div class=\"elementor-field-group elementor-column elementor-field-type-submit elementor-col-100 e-form__buttons\">\n\t\t\t\t\t<button type=\"submit\" class=\"elementor-button elementor-size-sm elementor-animation-sink\">\n\t\t\t\t\t\t<span >\n\t\t\t\t\t\t\t\t\t\t\t\t\t\t\t<span class=\"elementor-align-icon-right elementor-button-icon\">\n\t\t\t\t\t\t\t\t\t<i aria-hidden=\"true\" class=\"fas fa-angle-right\"><\/i>\t\t\t\t\t\t\t\t\t\t\t\t\t\t\t\t\t<\/span>\n\t\t\t\t\t\t\t\t\t\t\t\t\t\t\t\t\t\t\t\t\t\t<span class=\"elementor-button-text\">UZZINI CENU<\/span>\n\t\t\t\t\t\t\t\t\t\t\t\t\t<\/span>\n\t\t\t\t\t<\/button>\n\t\t\t\t<\/div>\n\t\t\t<\/div>\n\t\t<\/form>\n\t\t\t\t\t\t<\/div>\n\t\t\t\t<\/div>\n\t\t\t\t\t<\/div>\n\t\t<\/div>\n\t\t\t\t\t<\/div>\n\t\t<\/section>\n\t\t\t\t<\/div>\n\t\t","protected":false},"excerpt":{"rendered":"<p>priek\u0161pakalpojumi Biroja adrese:\u00a0 Elijas iela 17-2, R\u012bga, LV-1050, Latvia Darbalaiks:\u00a0P.\u2013Pt. 9.00\u201317.00 E-pasts:\u00a0info@translationservices.lt T\u0101lrunis:\u00a0(+371) 278 798 40 Uz\u0146\u0113muma kods: 40103224757 2010,Translation Services,SIA Aizpildiet anketu un sanemiet cenas apr\u0117kinu sava e-pasta tuvako 60 min\u016b\u0161u laika:<\/p>\n","protected":false},"author":1,"featured_media":0,"parent":0,"menu_order":0,"comment_status":"closed","ping_status":"closed","template":"elementor_canvas","meta":{"footnotes":""},"class_list":["post-713","page","type-page","status-publish","hentry","entry","owp-thumbs-layout-horizontal","owp-btn-normal","owp-tabs-layout-horizontal","has-no-thumbnails"],"_links":{"self":[{"href":"https:\/\/translationservices.lt\/lv\/wp-json\/wp\/v2\/pages\/713","targetHints":{"allow":["GET"]}}],"collection":[{"href":"https:\/\/translationservices.lt\/lv\/wp-json\/wp\/v2\/pages"}],"about":[{"href":"https:\/\/translationservices.lt\/lv\/wp-json\/wp\/v2\/types\/page"}],"author":[{"embeddable":true,"href":"https:\/\/translationservices.lt\/lv\/wp-json\/wp\/v2\/users\/1"}],"replies":[{"embeddable":true,"href":"https:\/\/translationservices.lt\/lv\/wp-json\/wp\/v2\/comments?post=713"}],"version-history":[{"count":12,"href":"https:\/\/translationservices.lt\/lv\/wp-json\/wp\/v2\/pages\/713\/revisions"}],"predecessor-version":[{"id":1347,"href":"https:\/\/translationservices.lt\/lv\/wp-json\/wp\/v2\/pages\/713\/revisions\/1347"}],"wp:attachment":[{"href":"https:\/\/translationservices.lt\/lv\/wp-json\/wp\/v2\/media?parent=713"}],"curies":[{"name":"wp","href":"https:\/\/api.w.org\/{rel}","templated":true}]}}