{"id":759,"date":"2023-06-14T08:43:28","date_gmt":"2023-06-14T08:43:28","guid":{"rendered":"https:\/\/translationservices.lt\/?post_type=product&#038;p=759"},"modified":"2023-06-22T15:36:37","modified_gmt":"2023-06-22T15:36:37","slug":"vertimu-tvirtinimas-biuro-antspaudu-bt","status":"publish","type":"product","link":"https:\/\/translationservices.lt\/lv\/Produkts\/vertimu-tvirtinimas-biuro-antspaudu-bt\/","title":{"rendered":"Tulkojumu apstiprin\u0101\u0161ana ar biroja z\u012bmogu (BT)"},"content":{"rendered":"","protected":false},"excerpt":{"rendered":"","protected":false},"featured_media":0,"comment_status":"open","ping_status":"closed","template":"","meta":[],"product_cat":[18],"product_tag":[],"class_list":{"0":"post-759","1":"product","2":"type-product","3":"status-publish","5":"product_cat-uncategorized","7":"entry","9":"first","10":"instock","11":"shipping-taxable","12":"purchasable","13":"product-type-simple","14":"col","15":"span_1_of_1","16":"owp-content-left","17":"owp-thumbs-layout-horizontal","18":"owp-btn-normal","19":"owp-tabs-layout-horizontal","20":"has-no-thumbnails"},"_links":{"self":[{"href":"https:\/\/translationservices.lt\/lv\/wp-json\/wp\/v2\/product\/759","targetHints":{"allow":["GET"]}}],"collection":[{"href":"https:\/\/translationservices.lt\/lv\/wp-json\/wp\/v2\/product"}],"about":[{"href":"https:\/\/translationservices.lt\/lv\/wp-json\/wp\/v2\/types\/product"}],"replies":[{"embeddable":true,"href":"https:\/\/translationservices.lt\/lv\/wp-json\/wp\/v2\/comments?post=759"}],"wp:attachment":[{"href":"https:\/\/translationservices.lt\/lv\/wp-json\/wp\/v2\/media?parent=759"}],"wp:term":[{"taxonomy":"product_cat","embeddable":true,"href":"https:\/\/translationservices.lt\/lv\/wp-json\/wp\/v2\/product_cat?post=759"},{"taxonomy":"product_tag","embeddable":true,"href":"https:\/\/translationservices.lt\/lv\/wp-json\/wp\/v2\/product_tag?post=759"}],"curies":[{"name":"wp","href":"https:\/\/api.w.org\/{rel}","templated":true}]}}